{"id":499,"date":"2022-04-21T11:55:22","date_gmt":"2022-04-21T09:55:22","guid":{"rendered":"https:\/\/hotelbartabelit.opiniospeak.com\/?page_id=499"},"modified":"2025-01-10T18:39:27","modified_gmt":"2025-01-10T17:39:27","slug":"buchungsvorschriften","status":"publish","type":"page","link":"https:\/\/hotelbartabel.it\/de\/buchungsvorschriften\/","title":{"rendered":"Buchungsvorschriften"},"content":{"rendered":"<section class=\"l-section wpb_row us_custom_c70c97eb height_medium\"><div class=\"l-section-h i-cf\"><div class=\"g-cols vc_row via_grid cols_1 laptops-cols_inherit tablets-cols_inherit mobiles-cols_1 valign_top type_default stacking_default\"><div class=\"wpb_column vc_column_container\"><div class=\"vc_column-inner\"><div class=\"wpb_text_column\"><div class=\"wpb_wrapper\"><div class=\"wpb_text_column \">\n<div class=\"wpb_wrapper\">\n<h4 style=\"text-align: center;\"><strong>AUF UNSERER OFFIZIELLEN WEBSEITE SIND DIE ZIMMER IMMER G\u00dcNSTIGER<\/strong><\/h4>\n<\/div>\n<\/div>\n<\/div><\/div><div class=\"w-separator size_medium\"><\/div><div class=\"g-cols wpb_row via_grid cols_2 laptops-cols_inherit tablets-cols_inherit mobiles-cols_1 valign_top type_default stacking_default\"><div class=\"wpb_column vc_column_container\"><div class=\"vc_column-inner\"><div class=\"wpb_text_column\"><div class=\"wpb_wrapper\"><h5 style=\"text-align: center;\">ONLINE DIE GARANTIE F\u00dcR DIE BESTEN PREISE<\/h5>\n<\/div><\/div><div class=\"w-separator size_small\"><\/div><div class=\"wpb_text_column\"><div class=\"wpb_wrapper\"><p style=\"text-align: center;\">Finden Sie nach der Buchung<br \/>\nein g\u00fcnstigeres Angebot,<br \/>\n<strong>erstatten wir den Preisunterschied<\/strong>.<\/p>\n<\/div><\/div><\/div><\/div><div class=\"wpb_column vc_column_container\"><div class=\"vc_column-inner\"><div class=\"wpb_text_column\"><div class=\"wpb_wrapper\"><h5 style=\"text-align: center;\">ANGEBOTE MIT ERM\u00c4SSIGUNGEN<\/h5>\n<\/div><\/div><div class=\"w-separator size_small\"><\/div><div class=\"wpb_text_column\"><div class=\"wpb_wrapper\"><p style=\"text-align: center;\">Nur bei Buchung \u00fcber diese Seite<br \/>\nk\u00f6nnen Sie unsere Sonderangebote in Anspruch nehmen.<br \/>\n\u00dcberpr\u00fcfen Sie die verf\u00fcgbaren Erm\u00e4\u00dfigungen<br \/>\nin unserem Online-Buchungssystem.<\/p>\n<\/div><\/div><\/div><\/div><\/div><\/div><\/div><\/div><\/div><\/section><section class=\"l-section wpb_row height_medium\"><div class=\"l-section-h i-cf\"><div class=\"g-cols vc_row via_grid cols_1 laptops-cols_inherit tablets-cols_inherit mobiles-cols_1 valign_top type_default stacking_default\"><div class=\"wpb_column vc_column_container\"><div class=\"vc_column-inner\"><div class=\"wpb_text_column\"><div class=\"wpb_wrapper\"><h1 style=\"text-align: center;\">Buchungsvorschriften<\/h1>\n<\/div><\/div><div class=\"w-separator size_medium\"><\/div><div class=\"wpb_text_column\"><div class=\"wpb_wrapper\"><p>R\u00dcCKTRITT<br \/>\nDie Stornierungsbedingungen einer Buchung k\u00f6nnen je nach Zeitraum und ausgew\u00e4hltem Produkt variieren. Sie k\u00f6nnen die Bedingungen in unserem Online-Buchungssystem einsehen.<\/p>\n<p>KREDITKARTE<br \/>\nDie Kreditkarte wird nur als Garantie ben\u00f6tigt. Bezahlung erfolgt bei der Abreise, au\u00dfer bei besonderen und nicht erstattbaren Angeboten.<\/p>\n<p>AUFENTHALTSSTEUER<br \/>\nDie Aufenthaltssteuer ist in den Preisen nicht inbegriffen und betr\u00e4gt 2,50 \u20ac pro Person\/pro Tag. Bitte beachten Sie, dass die Stadt Gargnano die Steuer im Dezember 2024 erh\u00f6ht hat.<\/p>\n<p>CHECK-IN-OUT<br \/>\nCheck-in von 15.00 bis 19.30 Uhr (sofern nicht anders vereinbart oder bei Sonderangeboten)<br \/>\nCheck-out von 08.00 bis 10.30 (sofern nicht anders vereinbart oder bei Sonderangeboten)<\/p>\n<p>KINDER<br \/>\nKinder bis 3 Jahre sind gratis, wenn sie im Elternbett schlafen und gegen Aufpreis von 10 \u20ac pro Nacht kann ein Kinderbett f\u00fcr Kinder bis 3 Jahre hinzugef\u00fcgt werden.<\/p>\n<p>EXTRABETTEN<br \/>\nBis auf ein Kinderbett f\u00fcr Kinder bis zu 3 Jahren (Aufpreis 10,00 \u20ac pro Nacht) k\u00f6nnen keine weiteren Betten hinzugef\u00fcgt werden.<\/p>\n<p>TIERE<br \/>\nKleine Haustiere sind nach vorheriger Absprache gegen einen Aufpreis von 10,00 \u20ac pro Nacht gestattet.<\/p>\n<\/div><\/div><\/div><\/div><\/div><\/div><\/section>\n","protected":false},"excerpt":{"rendered":"AUF UNSERER OFFIZIELLEN WEBSEITE SIND DIE ZIMMER IMMER G\u00dcNSTIGER ONLINE DIE GARANTIE F\u00dcR DIE BESTEN PREISE Finden Sie nach der Buchung ein g\u00fcnstigeres Angebot, erstatten wir den Preisunterschied. ANGEBOTE MIT ERM\u00c4SSIGUNGEN Nur bei Buchung \u00fcber diese Seite k\u00f6nnen Sie unsere Sonderangebote in Anspruch nehmen. \u00dcberpr\u00fcfen Sie die verf\u00fcgbaren Erm\u00e4\u00dfigungen in unserem Online-Buchungssystem. Buchungsvorschriften R\u00dcCKTRITT Die...","protected":false},"author":1,"featured_media":0,"parent":0,"menu_order":0,"comment_status":"closed","ping_status":"closed","template":"","meta":{"inline_featured_image":false,"footnotes":""},"class_list":["post-499","page","type-page","status-publish","hentry"],"yoast_head":"<!-- This site is optimized with the Yoast SEO plugin v27.4 - https:\/\/yoast.com\/product\/yoast-seo-wordpress\/ -->\n<title>Buchungsvorschriften - Hotel Bartabel<\/title>\n<meta name=\"robots\" content=\"index, follow, max-snippet:-1, max-image-preview:large, max-video-preview:-1\" \/>\n<link rel=\"canonical\" href=\"https:\/\/hotelbartabel.it\/de\/buchungsvorschriften\/\" \/>\n<meta property=\"og:locale\" content=\"de_DE\" \/>\n<meta property=\"og:type\" content=\"article\" \/>\n<meta property=\"og:title\" content=\"Buchungsvorschriften - Hotel Bartabel\" \/>\n<meta property=\"og:url\" content=\"https:\/\/hotelbartabel.it\/de\/buchungsvorschriften\/\" \/>\n<meta property=\"og:site_name\" content=\"Hotel Bartabel\" \/>\n<meta property=\"article:modified_time\" content=\"2025-01-10T17:39:27+00:00\" \/>\n<meta name=\"twitter:card\" content=\"summary_large_image\" \/>\n<meta name=\"twitter:label1\" content=\"Gesch\u00e4tzte Lesezeit\" \/>\n\t<meta name=\"twitter:data1\" content=\"2\u00a0Minuten\" \/>\n<script type=\"application\/ld+json\" class=\"yoast-schema-graph\">{\"@context\":\"https:\\\/\\\/schema.org\",\"@graph\":[{\"@type\":\"WebPage\",\"@id\":\"https:\\\/\\\/hotelbartabel.it\\\/de\\\/buchungsvorschriften\\\/\",\"url\":\"https:\\\/\\\/hotelbartabel.it\\\/de\\\/buchungsvorschriften\\\/\",\"name\":\"Buchungsvorschriften - Hotel Bartabel\",\"isPartOf\":{\"@id\":\"https:\\\/\\\/hotelbartabel.it\\\/#website\"},\"datePublished\":\"2022-04-21T09:55:22+00:00\",\"dateModified\":\"2025-01-10T17:39:27+00:00\",\"breadcrumb\":{\"@id\":\"https:\\\/\\\/hotelbartabel.it\\\/de\\\/buchungsvorschriften\\\/#breadcrumb\"},\"inLanguage\":\"de\",\"potentialAction\":[{\"@type\":\"ReadAction\",\"target\":[\"https:\\\/\\\/hotelbartabel.it\\\/de\\\/buchungsvorschriften\\\/\"]}]},{\"@type\":\"BreadcrumbList\",\"@id\":\"https:\\\/\\\/hotelbartabel.it\\\/de\\\/buchungsvorschriften\\\/#breadcrumb\",\"itemListElement\":[{\"@type\":\"ListItem\",\"position\":1,\"name\":\"Home\",\"item\":\"https:\\\/\\\/hotelbartabel.it\\\/de\\\/\"},{\"@type\":\"ListItem\",\"position\":2,\"name\":\"Buchungsvorschriften\"}]},{\"@type\":\"WebSite\",\"@id\":\"https:\\\/\\\/hotelbartabel.it\\\/#website\",\"url\":\"https:\\\/\\\/hotelbartabel.it\\\/\",\"name\":\"Hotel Bartabel\",\"description\":\"Hotel Bartabel\",\"publisher\":{\"@id\":\"https:\\\/\\\/hotelbartabel.it\\\/#organization\"},\"potentialAction\":[{\"@type\":\"SearchAction\",\"target\":{\"@type\":\"EntryPoint\",\"urlTemplate\":\"https:\\\/\\\/hotelbartabel.it\\\/?s={search_term_string}\"},\"query-input\":{\"@type\":\"PropertyValueSpecification\",\"valueRequired\":true,\"valueName\":\"search_term_string\"}}],\"inLanguage\":\"de\"},{\"@type\":\"Organization\",\"@id\":\"https:\\\/\\\/hotelbartabel.it\\\/#organization\",\"name\":\"Hotel Bartabel Gargnano\",\"url\":\"https:\\\/\\\/hotelbartabel.it\\\/\",\"logo\":{\"@type\":\"ImageObject\",\"inLanguage\":\"de\",\"@id\":\"https:\\\/\\\/hotelbartabel.it\\\/#\\\/schema\\\/logo\\\/image\\\/\",\"url\":\"http:\\\/\\\/hotelbartabelit.opiniospeak.com\\\/wp-content\\\/uploads\\\/2022\\\/04\\\/MG_2476.jpg\",\"contentUrl\":\"http:\\\/\\\/hotelbartabelit.opiniospeak.com\\\/wp-content\\\/uploads\\\/2022\\\/04\\\/MG_2476.jpg\",\"width\":1024,\"height\":683,\"caption\":\"Hotel Bartabel Gargnano\"},\"image\":{\"@id\":\"https:\\\/\\\/hotelbartabel.it\\\/#\\\/schema\\\/logo\\\/image\\\/\"}}]}<\/script>\n<!-- \/ Yoast SEO plugin. -->","yoast_head_json":{"title":"Buchungsvorschriften - Hotel Bartabel","robots":{"index":"index","follow":"follow","max-snippet":"max-snippet:-1","max-image-preview":"max-image-preview:large","max-video-preview":"max-video-preview:-1"},"canonical":"https:\/\/hotelbartabel.it\/de\/buchungsvorschriften\/","og_locale":"de_DE","og_type":"article","og_title":"Buchungsvorschriften - Hotel Bartabel","og_url":"https:\/\/hotelbartabel.it\/de\/buchungsvorschriften\/","og_site_name":"Hotel Bartabel","article_modified_time":"2025-01-10T17:39:27+00:00","twitter_card":"summary_large_image","twitter_misc":{"Gesch\u00e4tzte Lesezeit":"2\u00a0Minuten"},"schema":{"@context":"https:\/\/schema.org","@graph":[{"@type":"WebPage","@id":"https:\/\/hotelbartabel.it\/de\/buchungsvorschriften\/","url":"https:\/\/hotelbartabel.it\/de\/buchungsvorschriften\/","name":"Buchungsvorschriften - Hotel Bartabel","isPartOf":{"@id":"https:\/\/hotelbartabel.it\/#website"},"datePublished":"2022-04-21T09:55:22+00:00","dateModified":"2025-01-10T17:39:27+00:00","breadcrumb":{"@id":"https:\/\/hotelbartabel.it\/de\/buchungsvorschriften\/#breadcrumb"},"inLanguage":"de","potentialAction":[{"@type":"ReadAction","target":["https:\/\/hotelbartabel.it\/de\/buchungsvorschriften\/"]}]},{"@type":"BreadcrumbList","@id":"https:\/\/hotelbartabel.it\/de\/buchungsvorschriften\/#breadcrumb","itemListElement":[{"@type":"ListItem","position":1,"name":"Home","item":"https:\/\/hotelbartabel.it\/de\/"},{"@type":"ListItem","position":2,"name":"Buchungsvorschriften"}]},{"@type":"WebSite","@id":"https:\/\/hotelbartabel.it\/#website","url":"https:\/\/hotelbartabel.it\/","name":"Hotel Bartabel","description":"Hotel Bartabel","publisher":{"@id":"https:\/\/hotelbartabel.it\/#organization"},"potentialAction":[{"@type":"SearchAction","target":{"@type":"EntryPoint","urlTemplate":"https:\/\/hotelbartabel.it\/?s={search_term_string}"},"query-input":{"@type":"PropertyValueSpecification","valueRequired":true,"valueName":"search_term_string"}}],"inLanguage":"de"},{"@type":"Organization","@id":"https:\/\/hotelbartabel.it\/#organization","name":"Hotel Bartabel Gargnano","url":"https:\/\/hotelbartabel.it\/","logo":{"@type":"ImageObject","inLanguage":"de","@id":"https:\/\/hotelbartabel.it\/#\/schema\/logo\/image\/","url":"http:\/\/hotelbartabelit.opiniospeak.com\/wp-content\/uploads\/2022\/04\/MG_2476.jpg","contentUrl":"http:\/\/hotelbartabelit.opiniospeak.com\/wp-content\/uploads\/2022\/04\/MG_2476.jpg","width":1024,"height":683,"caption":"Hotel Bartabel Gargnano"},"image":{"@id":"https:\/\/hotelbartabel.it\/#\/schema\/logo\/image\/"}}]}},"_links":{"self":[{"href":"https:\/\/hotelbartabel.it\/de\/wp-json\/wp\/v2\/pages\/499","targetHints":{"allow":["GET"]}}],"collection":[{"href":"https:\/\/hotelbartabel.it\/de\/wp-json\/wp\/v2\/pages"}],"about":[{"href":"https:\/\/hotelbartabel.it\/de\/wp-json\/wp\/v2\/types\/page"}],"author":[{"embeddable":true,"href":"https:\/\/hotelbartabel.it\/de\/wp-json\/wp\/v2\/users\/1"}],"replies":[{"embeddable":true,"href":"https:\/\/hotelbartabel.it\/de\/wp-json\/wp\/v2\/comments?post=499"}],"version-history":[{"count":5,"href":"https:\/\/hotelbartabel.it\/de\/wp-json\/wp\/v2\/pages\/499\/revisions"}],"predecessor-version":[{"id":626,"href":"https:\/\/hotelbartabel.it\/de\/wp-json\/wp\/v2\/pages\/499\/revisions\/626"}],"wp:attachment":[{"href":"https:\/\/hotelbartabel.it\/de\/wp-json\/wp\/v2\/media?parent=499"}],"curies":[{"name":"wp","href":"https:\/\/api.w.org\/{rel}","templated":true}]}}