{"id":487,"date":"2022-04-20T16:26:10","date_gmt":"2022-04-20T14:26:10","guid":{"rendered":"https:\/\/hotelbartabelit.opiniospeak.com\/?page_id=487"},"modified":"2025-06-22T08:34:14","modified_gmt":"2025-06-22T06:34:14","slug":"hotel-bartabel-gargnano","status":"publish","type":"page","link":"https:\/\/hotelbartabel.it\/de\/","title":{"rendered":"Hotel Bartabel Gargnano"},"content":{"rendered":"<section class=\"l-section wpb_row height_medium full_height valign_center with_slider\"><div class=\"l-section-slider\"><div class=\"w-slider style_none fit_cover\"><div class=\"w-slider-h\"><div class=\"royalSlider\"><div class=\"rsContent\"><a class=\"rsImg\" data-rsw=\"1024\" data-rsh=\"683\" href=\"https:\/\/hotelbartabel.it\/wp-content\/uploads\/2022\/04\/MG_2476.jpg\"><span data-alt=\"\"><\/span><\/a><\/div><div class=\"rsContent\"><a class=\"rsImg\" data-rsw=\"1024\" data-rsh=\"494\" href=\"https:\/\/hotelbartabel.it\/wp-content\/uploads\/2022\/04\/MG_2521.jpg\"><span data-alt=\"\"><\/span><\/a><\/div><div class=\"rsContent\"><a class=\"rsImg\" data-rsw=\"1024\" data-rsh=\"683\" href=\"https:\/\/hotelbartabel.it\/wp-content\/uploads\/2022\/04\/IMG_2981.jpg\"><span data-alt=\"\"><\/span><\/a><\/div><\/div><img decoding=\"async\" src=\"https:\/\/hotelbartabel.it\/wp-content\/uploads\/2022\/04\/MG_2476.jpg\" width=\"1024\" height=\"683\" alt loading=\"lazy\"><\/div><div class=\"w-slider-json\" onclick='return {&quot;loop&quot;:true,&quot;fadeInLoadedSlide&quot;:false,&quot;slidesSpacing&quot;:0,&quot;imageScalePadding&quot;:0,&quot;numImagesToPreload&quot;:2,&quot;arrowsNav&quot;:false,&quot;arrowsNavAutoHide&quot;:false,&quot;transitionType&quot;:&quot;fade&quot;,&quot;transitionSpeed&quot;:1000,&quot;block&quot;:{&quot;moveEffect&quot;:&quot;none&quot;,&quot;speed&quot;:300},&quot;controlNavigation&quot;:&quot;none&quot;,&quot;autoplay&quot;:{&quot;enabled&quot;:true,&quot;pauseOnHover&quot;:false,&quot;delay&quot;:3000},&quot;imageScaleMode&quot;:&quot;fill&quot;,&quot;autoScaleSlider&quot;:true,&quot;autoScaleSliderWidth&quot;:1024,&quot;autoScaleSliderHeight&quot;:683,&quot;fitInViewport&quot;:false}'><\/div><\/div><\/div><div class=\"l-section-overlay\" style=\"background:rgba(26,26,26,0.30)\"><\/div><div class=\"l-section-h i-cf\"><div class=\"g-cols vc_row via_grid cols_1 laptops-cols_inherit tablets-cols_inherit mobiles-cols_1 valign_bottom type_default stacking_default\"><div class=\"wpb_column vc_column_container\"><div class=\"vc_column-inner\"><div class=\"wpb_text_column us_custom_de3946ef has_text_color\"><div class=\"wpb_wrapper\"><p>Hotel Bartabel Gargnano<\/p>\n<\/div><\/div><div class=\"wpb_text_column us_custom_b4aa05e8 has_text_color\"><div class=\"wpb_wrapper\"><p>mit Terrasse und atemberaubendem Blick auf den Gardasee<\/p>\n<\/div><\/div><div class=\"w-separator size_medium\"><\/div><section class=\"l-section wpb_row height_auto\"><div class=\"l-section-h i-cf\"><div class=\"g-cols vc_row via_grid cols_1-4-1 laptops-cols_inherit tablets-cols_inherit mobiles-cols_1 valign_top type_default stacking_default\"><div class=\"wpb_column vc_column_container\"><div class=\"vc_column-inner\"><\/div><\/div><div class=\"wpb_column vc_column_container\"><div class=\"vc_column-inner\">[vc_raw_html css=&#8220;%7B%22default%22%3A%7B%22background-color%22%3A%22%23ffffff%22%2C%22padding-left%22%3A%220.5rem%22%2C%22padding-top%22%3A%220.5rem%22%2C%22padding-bottom%22%3A%220.5rem%22%2C%22padding-right%22%3A%220.5rem%22%7D%2C%22laptops%22%3A%7B%22background-color%22%3A%22%23ffffff%22%7D%7D&#8220;]JTNDZGl2JTIwaWQlM0QlMjJfd2JvcmRfJTIyJTNFJTBBJTIwJTIwJTNDYSUyMGhyZWYlM0QlMjJodHRwcyUzQSUyRiUyRnd1Ym9vay5uZXQlMkZib29raW5nLWVuZ2luZSUyRiUyMiUyMHN0eWxlJTNEJTIyZGlzcGxheSUzQSUyMGJsb2NrJTNCJTIwbWFyZ2luLXRvcCUzQSUyMDVweCUzQiUyMHRleHQtZGVjb3JhdGlvbiUzQW5vbmUlM0Jib3JkZXIlM0Fub25lJTIyJTIwdGFyZ2V0JTNEJTIyX2JsYW5rJTIyJTNFJTBBJTIwJTIwJTIwJTIwJTNDaW1nJTIwc3JjJTNEJTIyaHR0cHMlM0ElMkYlMkZ3dWJvb2submV0JTJGaW1ncyUyRmRlZmF1bHQlMkZib29raW5nX2J5X3d1LmdpZiUyMiUyMGFsdCUzRCUyMkJvb2tpbmclMjBlbmdpbmUlMjBlJTIwcmVjZXB0aW9uJTIwb25saW5lJTIwd3Vib29rJTIyJTIwdGl0bGUlM0QlMjJTb2x1emlvbmklMjBwZXIlMjBsYSUyMGdlc3Rpb25lJTIwSG90ZWwlMjIlMjBzdHlsZSUzRCUyMmJvcmRlciUzQW5vbmUlM0J0ZXh0LWRlY29yYXRpb24lM0Fub25lJTIyJTIwJTJGJTNFJTBBJTIwJTIwJTNDJTJGYSUzRSUwQSUzQyUyRmRpdiUzRSUwQSUwQSUzQ3NjcmlwdCUzRSUwQSUyMCUyMHZhciUyMFd1Qm9vayUzRCUyMG5ldyUyMF9XdUJvb2slMjgxNTQ5NzE2NjYzJTI5JTNCJTBBJTIwJTIwdmFyJTIwd2JwYXJhbXMlM0QlMjAlN0IlMEElMjAlMjAlMjAlMjBib3JkZXIlM0ElMjAlMjcwcHglMjclMkMlMEElMjAlMjAlMjAlMjBib3JkZXJjb2xvciUzQSUyMCUyNyUyM0ZGRiUyNyUyQyUwQSUyMCUyMCUyMCUyMGxhbmclM0ElMjAlMjdkZSUyNyUyQyUwQSUyMCUyMCUyMCUyMGJ1dHRvbmNvbG9yJTNBJTIwJTI3JTIzYTUwZTBlJTI3JTJDJTBBJTIwJTIwJTIwJTIwZmFpbGJhY2tfbGFuZyUzQSUyMCUyN2RlJTI3JTJDJTBBJTIwJTIwJTIwJTIwd2Jnb29nbGUlM0ElMjAxJTJDJTBBJTIwJTIwJTIwJTIwYmdjb2xvciUzQSUyMCUyNyUyM0ZGRiUyNyUyQyUwQSUyMCUyMCUyMCUyMGRjb2RldmFsJTNBJTIwJTI3JTI3JTJDJTBBJTIwJTIwJTIwJTIwaWNvbmNvbG9yJTNBJTIwJTI3JTIzODg4ODg4JTI3JTJDJTBBJTIwJTIwJTIwJTIwdGV4dGNvbG9yJTNBJTIwJTI3JTIzMmMyYzJjJTI3JTJDJTBBJTIwJTIwJTIwJTIwZGVmYXVsdF9uaWdodHMlM0ElMjAxJTBBJTIwJTIwJTdEJTNCJTBBJTIwJTIwV3VCb29rLmRlc2lnbl9yd2lkZ2V0JTI4JTIyX3dib3JkXyUyMiUyQyUyMHdicGFyYW1zJTI5JTNCJTBBJTNDJTJGc2NyaXB0JTNF[\/vc_raw_html]<\/div><\/div><div class=\"wpb_column vc_column_container\"><div class=\"vc_column-inner\"><\/div><\/div><\/div><\/div><\/section>\n<\/div><\/div><\/div><\/div><\/section><section class=\"l-section wpb_row height_medium\"><div class=\"l-section-h i-cf\"><div class=\"g-cols vc_row via_grid cols_1 laptops-cols_inherit tablets-cols_inherit mobiles-cols_1 valign_top type_default stacking_default\"><div class=\"wpb_column vc_column_container\"><div class=\"vc_column-inner\"><div class=\"wpb_text_column\"><div class=\"wpb_wrapper\"><h1 style=\"text-align: center;\">Willkommen in Gargnano!<br \/>\nEine exklusive erste Reihe am Gardasee<\/h1>\n<\/div><\/div><div class=\"w-separator size_medium\"><\/div><div class=\"g-cols wpb_row via_grid cols_1-4-1 laptops-cols_inherit tablets-cols_inherit mobiles-cols_1 valign_top type_default stacking_default\"><div class=\"wpb_column vc_column_container\"><div class=\"vc_column-inner\"><\/div><\/div><div class=\"wpb_column vc_column_container\"><div class=\"vc_column-inner\"><div class=\"wpb_text_column\"><div class=\"wpb_wrapper\"><p style=\"text-align: center;\">Das Hotel Barbatel <strong>liegt im Herzen des alten Dorfes Gargnano<\/strong>.<br \/>\nEs grenzt auf der einen Seite an die Dorfstra\u00dfe und auf der anderen Seite wird es von den Gew\u00e4ssern des Sees umsp\u00fclt. Man hat eine traumhafte Aussicht, die Poeten und Schriftsteller zur Inspiration verhelfen kann.<\/p>\n<p style=\"text-align: center;\">Vom Hotel erreicht man in wenigen Minuten die Piazza mit Lounge-Bars, romantischen Restaurants mit Blick auf den See, den Yachthafen, die typischen kleinen Gesch\u00e4fte und die Anlegestelle.<\/p>\n<\/div><\/div><\/div><\/div><div class=\"wpb_column vc_column_container\"><div class=\"vc_column-inner\"><\/div><\/div><\/div><\/div><\/div><\/div><\/div><\/section><section class=\"l-section wpb_row us_custom_c70c97eb height_medium\"><div class=\"l-section-h i-cf\"><div class=\"g-cols vc_row via_grid cols_2 laptops-cols_inherit tablets-cols_inherit mobiles-cols_1 valign_top type_default stacking_default\"><div class=\"wpb_column vc_column_container\"><div class=\"vc_column-inner\"><div class=\"w-vwrapper us_custom_853980c5 align_none valign_top\"><div class=\"w-image align_center\"><div class=\"w-image-h\"><img loading=\"lazy\" decoding=\"async\" width=\"555\" height=\"173\" src=\"https:\/\/hotelbartabel.it\/wp-content\/uploads\/2022\/04\/mini-terrazza-555x173.jpg\" class=\"attachment-us_555_173_crop size-us_555_173_crop\" alt=\"\" srcset=\"https:\/\/hotelbartabel.it\/wp-content\/uploads\/2022\/04\/mini-terrazza-555x173.jpg 555w, https:\/\/hotelbartabel.it\/wp-content\/uploads\/2022\/04\/mini-terrazza-300x94.jpg 300w, https:\/\/hotelbartabel.it\/wp-content\/uploads\/2022\/04\/mini-terrazza-600x188.jpg 600w, https:\/\/hotelbartabel.it\/wp-content\/uploads\/2022\/04\/mini-terrazza.jpg 960w\" sizes=\"auto, (max-width: 555px) 100vw, 555px\" \/><\/div><\/div><div class=\"w-image i50 align_center\"><div class=\"w-image-h\"><img loading=\"lazy\" decoding=\"async\" width=\"80\" height=\"44\" src=\"https:\/\/hotelbartabel.it\/wp-content\/uploads\/2022\/04\/loghetto.png\" class=\"attachment-large size-large\" alt=\"\" \/><\/div><\/div><div class=\"wpb_text_column\"><div class=\"wpb_wrapper\"><h3 style=\"text-align: center;\">Die Terrasse mit Blick auf den See<\/h3>\n<\/div><\/div><div class=\"wpb_text_column\"><div class=\"wpb_wrapper\"><p style=\"text-align: center;\">Erwartet man m\u00f6glicherweise nicht genau das, wenn man von einer Panorama-Terrasse spricht?<\/p>\n<\/div><\/div><div class=\"w-separator size_small\"><\/div><div class=\"w-btn-wrapper align_center\"><a class=\"w-btn us-btn-style_4\" title=\"Terrazza\" href=\"https:\/\/hotelbartabel.it\/de\/fruehstueck-auf-der-terrasse\/\"><span class=\"w-btn-label\">FR\u00dcHST\u00dcCK AUF DER TERRASSE<\/span><\/a><\/div><\/div><div class=\"w-separator size_medium\"><\/div><div class=\"w-vwrapper us_custom_853980c5 align_none valign_top\"><div class=\"w-image align_center\"><div class=\"w-image-h\"><img loading=\"lazy\" decoding=\"async\" width=\"555\" height=\"173\" src=\"https:\/\/hotelbartabel.it\/wp-content\/uploads\/2022\/04\/mini-centro-555x173.jpg\" class=\"attachment-us_555_173_crop size-us_555_173_crop\" alt=\"\" srcset=\"https:\/\/hotelbartabel.it\/wp-content\/uploads\/2022\/04\/mini-centro-555x173.jpg 555w, https:\/\/hotelbartabel.it\/wp-content\/uploads\/2022\/04\/mini-centro-300x94.jpg 300w, https:\/\/hotelbartabel.it\/wp-content\/uploads\/2022\/04\/mini-centro-600x188.jpg 600w, https:\/\/hotelbartabel.it\/wp-content\/uploads\/2022\/04\/mini-centro.jpg 960w\" sizes=\"auto, (max-width: 555px) 100vw, 555px\" \/><\/div><\/div><div class=\"w-image i50 align_center\"><div class=\"w-image-h\"><img loading=\"lazy\" decoding=\"async\" width=\"80\" height=\"44\" src=\"https:\/\/hotelbartabel.it\/wp-content\/uploads\/2022\/04\/loghetto.png\" class=\"attachment-large size-large\" alt=\"\" \/><\/div><\/div><div class=\"wpb_text_column\"><div class=\"wpb_wrapper\"><h3 style=\"text-align: center;\">Barbatel und das alte Dorf<\/h3>\n<\/div><\/div><div class=\"wpb_text_column\"><div class=\"wpb_wrapper\"><p style=\"text-align: center;\">Das Hotel Barbatel befindet sich in bevorzugter Lage zwischen dem faszinierenden alten Weiler und dem zauberhaften, prachtvollen Gardasee. Die Menschen hier lieben es, spazieren zu gehen, vor den typischen kleinen Gesch\u00e4ften innezuhalten, in enge und urspr\u00fcngliche Gassen hineinzuschauen, einen Cocktail in der Lounge-Bar zu trinken oder ein romantisches Abendessen am Hafen oder auf dem Pier zu genie\u00dfen.<\/p>\n<\/div><\/div><\/div><div class=\"w-separator size_medium\"><\/div><\/div><\/div><div class=\"wpb_column vc_column_container\"><div class=\"vc_column-inner\"><div class=\"w-vwrapper us_custom_853980c5 align_none valign_top\"><div class=\"w-image align_center\"><div class=\"w-image-h\"><img loading=\"lazy\" decoding=\"async\" width=\"555\" height=\"173\" src=\"https:\/\/hotelbartabel.it\/wp-content\/uploads\/2022\/04\/Panoramica-Tripla-555x173.jpg\" class=\"attachment-us_555_173_crop size-us_555_173_crop\" alt=\"\" \/><\/div><\/div><div class=\"w-image i50 align_center\"><div class=\"w-image-h\"><img loading=\"lazy\" decoding=\"async\" width=\"80\" height=\"44\" src=\"https:\/\/hotelbartabel.it\/wp-content\/uploads\/2022\/04\/loghetto.png\" class=\"attachment-large size-large\" alt=\"\" \/><\/div><\/div><div class=\"wpb_text_column\"><div class=\"wpb_wrapper\"><h3 style=\"text-align: center;\">Die Zimmer des Barbatel<\/h3>\n<\/div><\/div><div class=\"wpb_text_column\"><div class=\"wpb_wrapper\"><p style=\"text-align: center;\">Schauen Sie sich die Details an und finden Sie die beste L\u00f6sung f\u00fcr Ihren Urlaub im Hotel Bartabel in Gargnano.<\/p>\n<\/div><\/div><div class=\"w-separator size_small\"><\/div><div class=\"w-btn-wrapper align_center\"><a class=\"w-btn us-btn-style_4\" title=\"Terrazza\" href=\"https:\/\/hotelbartabel.it\/de\/zimmer\/\"><span class=\"w-btn-label\">ZIMMER<\/span><\/a><\/div><\/div><div class=\"w-separator size_medium\"><\/div><div class=\"w-vwrapper us_custom_853980c5 align_none valign_top\"><div class=\"w-image align_center\"><div class=\"w-image-h\"><img loading=\"lazy\" decoding=\"async\" width=\"555\" height=\"173\" src=\"https:\/\/hotelbartabel.it\/wp-content\/uploads\/2022\/04\/mini-porticciolo-555x173.jpg\" class=\"attachment-us_555_173_crop size-us_555_173_crop\" alt=\"\" srcset=\"https:\/\/hotelbartabel.it\/wp-content\/uploads\/2022\/04\/mini-porticciolo-555x173.jpg 555w, https:\/\/hotelbartabel.it\/wp-content\/uploads\/2022\/04\/mini-porticciolo-300x94.jpg 300w, https:\/\/hotelbartabel.it\/wp-content\/uploads\/2022\/04\/mini-porticciolo-600x188.jpg 600w, https:\/\/hotelbartabel.it\/wp-content\/uploads\/2022\/04\/mini-porticciolo.jpg 960w\" sizes=\"auto, (max-width: 555px) 100vw, 555px\" \/><\/div><\/div><div class=\"w-image i50 align_center\"><div class=\"w-image-h\"><img loading=\"lazy\" decoding=\"async\" width=\"80\" height=\"44\" src=\"https:\/\/hotelbartabel.it\/wp-content\/uploads\/2022\/04\/loghetto.png\" class=\"attachment-large size-large\" alt=\"\" \/><\/div><\/div><div class=\"wpb_text_column\"><div class=\"wpb_wrapper\"><h3 style=\"text-align: center;\">Der Hafen und der kleine Platz<\/h3>\n<\/div><\/div><div class=\"wpb_text_column\"><div class=\"wpb_wrapper\"><p style=\"text-align: center;\">Harmonie, Ausgeglichenheit und ein Gef\u00fchl der Ruhe \u00fcberkommen unweigerlich all diejenigen, die am kleinen Hafen von Gargnano \u2013 wenn auch nur f\u00fcr einen Augenblick \u2013 Platz nehmen, um seine Sch\u00f6nheit zu genie\u00dfen. Der Hafen ist von Restaurants, Pizzerien und Eiscaf\u00e9s umrahmt. Das Hotel liegt in etwa 50 m Entfernung vom Hafen entfernt, aus dem auch die Boote ablegen.<\/p>\n<\/div><\/div><\/div><div class=\"w-separator size_medium\"><\/div><\/div><\/div><\/div><\/div><\/section>\n","protected":false},"excerpt":{"rendered":"Hotel Bartabel Gargnano mit Terrasse und atemberaubendem Blick auf den Gardasee [vc_raw_html css=&#8220;%7B%22default%22%3A%7B%22background-color%22%3A%22%23ffffff%22%2C%22padding-left%22%3A%220.5rem%22%2C%22padding-top%22%3A%220.5rem%22%2C%22padding-bottom%22%3A%220.5rem%22%2C%22padding-right%22%3A%220.5rem%22%7D%2C%22laptops%22%3A%7B%22background-color%22%3A%22%23ffffff%22%7D%7D&#8220;]JTNDZGl2JTIwaWQlM0QlMjJfd2JvcmRfJTIyJTNFJTBBJTIwJTIwJTNDYSUyMGhyZWYlM0QlMjJodHRwcyUzQSUyRiUyRnd1Ym9vay5uZXQlMkZib29raW5nLWVuZ2luZSUyRiUyMiUyMHN0eWxlJTNEJTIyZGlzcGxheSUzQSUyMGJsb2NrJTNCJTIwbWFyZ2luLXRvcCUzQSUyMDVweCUzQiUyMHRleHQtZGVjb3JhdGlvbiUzQW5vbmUlM0Jib3JkZXIlM0Fub25lJTIyJTIwdGFyZ2V0JTNEJTIyX2JsYW5rJTIyJTNFJTBBJTIwJTIwJTIwJTIwJTNDaW1nJTIwc3JjJTNEJTIyaHR0cHMlM0ElMkYlMkZ3dWJvb2submV0JTJGaW1ncyUyRmRlZmF1bHQlMkZib29raW5nX2J5X3d1LmdpZiUyMiUyMGFsdCUzRCUyMkJvb2tpbmclMjBlbmdpbmUlMjBlJTIwcmVjZXB0aW9uJTIwb25saW5lJTIwd3Vib29rJTIyJTIwdGl0bGUlM0QlMjJTb2x1emlvbmklMjBwZXIlMjBsYSUyMGdlc3Rpb25lJTIwSG90ZWwlMjIlMjBzdHlsZSUzRCUyMmJvcmRlciUzQW5vbmUlM0J0ZXh0LWRlY29yYXRpb24lM0Fub25lJTIyJTIwJTJGJTNFJTBBJTIwJTIwJTNDJTJGYSUzRSUwQSUzQyUyRmRpdiUzRSUwQSUwQSUzQ3NjcmlwdCUzRSUwQSUyMCUyMHZhciUyMFd1Qm9vayUzRCUyMG5ldyUyMF9XdUJvb2slMjgxNTQ5NzE2NjYzJTI5JTNCJTBBJTIwJTIwdmFyJTIwd2JwYXJhbXMlM0QlMjAlN0IlMEElMjAlMjAlMjAlMjBib3JkZXIlM0ElMjAlMjcwcHglMjclMkMlMEElMjAlMjAlMjAlMjBib3JkZXJjb2xvciUzQSUyMCUyNyUyM0ZGRiUyNyUyQyUwQSUyMCUyMCUyMCUyMGxhbmclM0ElMjAlMjdkZSUyNyUyQyUwQSUyMCUyMCUyMCUyMGJ1dHRvbmNvbG9yJTNBJTIwJTI3JTIzYTUwZTBlJTI3JTJDJTBBJTIwJTIwJTIwJTIwZmFpbGJhY2tfbGFuZyUzQSUyMCUyN2RlJTI3JTJDJTBBJTIwJTIwJTIwJTIwd2Jnb29nbGUlM0ElMjAxJTJDJTBBJTIwJTIwJTIwJTIwYmdjb2xvciUzQSUyMCUyNyUyM0ZGRiUyNyUyQyUwQSUyMCUyMCUyMCUyMGRjb2RldmFsJTNBJTIwJTI3JTI3JTJDJTBBJTIwJTIwJTIwJTIwaWNvbmNvbG9yJTNBJTIwJTI3JTIzODg4ODg4JTI3JTJDJTBBJTIwJTIwJTIwJTIwdGV4dGNvbG9yJTNBJTIwJTI3JTIzMmMyYzJjJTI3JTJDJTBBJTIwJTIwJTIwJTIwZGVmYXVsdF9uaWdodHMlM0ElMjAxJTBBJTIwJTIwJTdEJTNCJTBBJTIwJTIwV3VCb29rLmRlc2lnbl9yd2lkZ2V0JTI4JTIyX3dib3JkXyUyMiUyQyUyMHdicGFyYW1zJTI5JTNCJTBBJTNDJTJGc2NyaXB0JTNF[\/vc_raw_html] Willkommen in Gargnano! Eine exklusive erste Reihe am Gardasee Das Hotel Barbatel liegt im Herzen des alten Dorfes Gargnano. Es grenzt auf der einen Seite an die Dorfstra\u00dfe und auf der anderen Seite wird es von den Gew\u00e4ssern des Sees umsp\u00fclt. Man...","protected":false},"author":1,"featured_media":0,"parent":0,"menu_order":0,"comment_status":"closed","ping_status":"closed","template":"","meta":{"inline_featured_image":false,"footnotes":""},"class_list":["post-487","page","type-page","status-publish","hentry"],"yoast_head":"<!-- This site is optimized with the Yoast SEO plugin v27.4 - https:\/\/yoast.com\/product\/yoast-seo-wordpress\/ -->\n<title>Hotel Gargnano am Gardasee | Hotel Bartabel<\/title>\n<meta name=\"description\" content=\"Hotels Gargnano Bartabel. Hotel 3-Sterne-Hotel im Zentrum von Gargnano Blick auf den Gardasee\" \/>\n<meta name=\"robots\" content=\"index, follow, max-snippet:-1, max-image-preview:large, max-video-preview:-1\" \/>\n<link rel=\"canonical\" href=\"https:\/\/hotelbartabel.it\/de\/\" \/>\n<meta property=\"og:locale\" content=\"de_DE\" \/>\n<meta property=\"og:type\" content=\"article\" \/>\n<meta property=\"og:title\" content=\"Hotel Gargnano am Gardasee | Hotel Bartabel\" \/>\n<meta property=\"og:description\" content=\"Hotels Gargnano Bartabel. Hotel 3-Sterne-Hotel im Zentrum von Gargnano Blick auf den Gardasee\" \/>\n<meta property=\"og:url\" content=\"https:\/\/hotelbartabel.it\/de\/\" \/>\n<meta property=\"og:site_name\" content=\"Hotel Bartabel\" \/>\n<meta property=\"article:modified_time\" content=\"2025-06-22T06:34:14+00:00\" \/>\n<meta name=\"twitter:card\" content=\"summary_large_image\" \/>\n<meta name=\"twitter:label1\" content=\"Gesch\u00e4tzte Lesezeit\" \/>\n\t<meta name=\"twitter:data1\" content=\"4\u00a0Minuten\" \/>\n<script type=\"application\/ld+json\" class=\"yoast-schema-graph\">{\"@context\":\"https:\\\/\\\/schema.org\",\"@graph\":[{\"@type\":\"WebPage\",\"@id\":\"https:\\\/\\\/hotelbartabel.it\\\/de\\\/\",\"url\":\"https:\\\/\\\/hotelbartabel.it\\\/de\\\/\",\"name\":\"Hotel Gargnano am Gardasee | Hotel Bartabel\",\"isPartOf\":{\"@id\":\"https:\\\/\\\/hotelbartabel.it\\\/#website\"},\"datePublished\":\"2022-04-20T14:26:10+00:00\",\"dateModified\":\"2025-06-22T06:34:14+00:00\",\"description\":\"Hotels Gargnano Bartabel. Hotel 3-Sterne-Hotel im Zentrum von Gargnano Blick auf den Gardasee\",\"breadcrumb\":{\"@id\":\"https:\\\/\\\/hotelbartabel.it\\\/de\\\/#breadcrumb\"},\"inLanguage\":\"de\",\"potentialAction\":[{\"@type\":\"ReadAction\",\"target\":[\"https:\\\/\\\/hotelbartabel.it\\\/de\\\/\"]}]},{\"@type\":\"BreadcrumbList\",\"@id\":\"https:\\\/\\\/hotelbartabel.it\\\/de\\\/#breadcrumb\",\"itemListElement\":[{\"@type\":\"ListItem\",\"position\":1,\"name\":\"Home\",\"item\":\"https:\\\/\\\/hotelbartabel.it\\\/de\\\/\"},{\"@type\":\"ListItem\",\"position\":2,\"name\":\"Hotel Bartabel Gargnano\"}]},{\"@type\":\"WebSite\",\"@id\":\"https:\\\/\\\/hotelbartabel.it\\\/#website\",\"url\":\"https:\\\/\\\/hotelbartabel.it\\\/\",\"name\":\"Hotel Bartabel\",\"description\":\"Hotel Bartabel\",\"publisher\":{\"@id\":\"https:\\\/\\\/hotelbartabel.it\\\/#organization\"},\"potentialAction\":[{\"@type\":\"SearchAction\",\"target\":{\"@type\":\"EntryPoint\",\"urlTemplate\":\"https:\\\/\\\/hotelbartabel.it\\\/?s={search_term_string}\"},\"query-input\":{\"@type\":\"PropertyValueSpecification\",\"valueRequired\":true,\"valueName\":\"search_term_string\"}}],\"inLanguage\":\"de\"},{\"@type\":\"Organization\",\"@id\":\"https:\\\/\\\/hotelbartabel.it\\\/#organization\",\"name\":\"Hotel Bartabel Gargnano\",\"url\":\"https:\\\/\\\/hotelbartabel.it\\\/\",\"logo\":{\"@type\":\"ImageObject\",\"inLanguage\":\"de\",\"@id\":\"https:\\\/\\\/hotelbartabel.it\\\/#\\\/schema\\\/logo\\\/image\\\/\",\"url\":\"http:\\\/\\\/hotelbartabelit.opiniospeak.com\\\/wp-content\\\/uploads\\\/2022\\\/04\\\/MG_2476.jpg\",\"contentUrl\":\"http:\\\/\\\/hotelbartabelit.opiniospeak.com\\\/wp-content\\\/uploads\\\/2022\\\/04\\\/MG_2476.jpg\",\"width\":1024,\"height\":683,\"caption\":\"Hotel Bartabel Gargnano\"},\"image\":{\"@id\":\"https:\\\/\\\/hotelbartabel.it\\\/#\\\/schema\\\/logo\\\/image\\\/\"}}]}<\/script>\n<!-- \/ Yoast SEO plugin. -->","yoast_head_json":{"title":"Hotel Gargnano am Gardasee | Hotel Bartabel","description":"Hotels Gargnano Bartabel. Hotel 3-Sterne-Hotel im Zentrum von Gargnano Blick auf den Gardasee","robots":{"index":"index","follow":"follow","max-snippet":"max-snippet:-1","max-image-preview":"max-image-preview:large","max-video-preview":"max-video-preview:-1"},"canonical":"https:\/\/hotelbartabel.it\/de\/","og_locale":"de_DE","og_type":"article","og_title":"Hotel Gargnano am Gardasee | Hotel Bartabel","og_description":"Hotels Gargnano Bartabel. Hotel 3-Sterne-Hotel im Zentrum von Gargnano Blick auf den Gardasee","og_url":"https:\/\/hotelbartabel.it\/de\/","og_site_name":"Hotel Bartabel","article_modified_time":"2025-06-22T06:34:14+00:00","twitter_card":"summary_large_image","twitter_misc":{"Gesch\u00e4tzte Lesezeit":"4\u00a0Minuten"},"schema":{"@context":"https:\/\/schema.org","@graph":[{"@type":"WebPage","@id":"https:\/\/hotelbartabel.it\/de\/","url":"https:\/\/hotelbartabel.it\/de\/","name":"Hotel Gargnano am Gardasee | Hotel Bartabel","isPartOf":{"@id":"https:\/\/hotelbartabel.it\/#website"},"datePublished":"2022-04-20T14:26:10+00:00","dateModified":"2025-06-22T06:34:14+00:00","description":"Hotels Gargnano Bartabel. Hotel 3-Sterne-Hotel im Zentrum von Gargnano Blick auf den Gardasee","breadcrumb":{"@id":"https:\/\/hotelbartabel.it\/de\/#breadcrumb"},"inLanguage":"de","potentialAction":[{"@type":"ReadAction","target":["https:\/\/hotelbartabel.it\/de\/"]}]},{"@type":"BreadcrumbList","@id":"https:\/\/hotelbartabel.it\/de\/#breadcrumb","itemListElement":[{"@type":"ListItem","position":1,"name":"Home","item":"https:\/\/hotelbartabel.it\/de\/"},{"@type":"ListItem","position":2,"name":"Hotel Bartabel Gargnano"}]},{"@type":"WebSite","@id":"https:\/\/hotelbartabel.it\/#website","url":"https:\/\/hotelbartabel.it\/","name":"Hotel Bartabel","description":"Hotel Bartabel","publisher":{"@id":"https:\/\/hotelbartabel.it\/#organization"},"potentialAction":[{"@type":"SearchAction","target":{"@type":"EntryPoint","urlTemplate":"https:\/\/hotelbartabel.it\/?s={search_term_string}"},"query-input":{"@type":"PropertyValueSpecification","valueRequired":true,"valueName":"search_term_string"}}],"inLanguage":"de"},{"@type":"Organization","@id":"https:\/\/hotelbartabel.it\/#organization","name":"Hotel Bartabel Gargnano","url":"https:\/\/hotelbartabel.it\/","logo":{"@type":"ImageObject","inLanguage":"de","@id":"https:\/\/hotelbartabel.it\/#\/schema\/logo\/image\/","url":"http:\/\/hotelbartabelit.opiniospeak.com\/wp-content\/uploads\/2022\/04\/MG_2476.jpg","contentUrl":"http:\/\/hotelbartabelit.opiniospeak.com\/wp-content\/uploads\/2022\/04\/MG_2476.jpg","width":1024,"height":683,"caption":"Hotel Bartabel Gargnano"},"image":{"@id":"https:\/\/hotelbartabel.it\/#\/schema\/logo\/image\/"}}]}},"_links":{"self":[{"href":"https:\/\/hotelbartabel.it\/de\/wp-json\/wp\/v2\/pages\/487","targetHints":{"allow":["GET"]}}],"collection":[{"href":"https:\/\/hotelbartabel.it\/de\/wp-json\/wp\/v2\/pages"}],"about":[{"href":"https:\/\/hotelbartabel.it\/de\/wp-json\/wp\/v2\/types\/page"}],"author":[{"embeddable":true,"href":"https:\/\/hotelbartabel.it\/de\/wp-json\/wp\/v2\/users\/1"}],"replies":[{"embeddable":true,"href":"https:\/\/hotelbartabel.it\/de\/wp-json\/wp\/v2\/comments?post=487"}],"version-history":[{"count":5,"href":"https:\/\/hotelbartabel.it\/de\/wp-json\/wp\/v2\/pages\/487\/revisions"}],"predecessor-version":[{"id":650,"href":"https:\/\/hotelbartabel.it\/de\/wp-json\/wp\/v2\/pages\/487\/revisions\/650"}],"wp:attachment":[{"href":"https:\/\/hotelbartabel.it\/de\/wp-json\/wp\/v2\/media?parent=487"}],"curies":[{"name":"wp","href":"https:\/\/api.w.org\/{rel}","templated":true}]}}