{"id":477,"date":"2022-04-20T16:26:26","date_gmt":"2022-04-20T14:26:26","guid":{"rendered":"https:\/\/hotelbartabelit.opiniospeak.com\/?page_id=477"},"modified":"2022-04-22T13:54:32","modified_gmt":"2022-04-22T11:54:32","slug":"fruehstueck-auf-der-terrasse","status":"publish","type":"page","link":"https:\/\/hotelbartabel.it\/de\/fruehstueck-auf-der-terrasse\/","title":{"rendered":"Fr\u00fchst\u00fcck auf der Terrasse"},"content":{"rendered":"<section class=\"l-section wpb_row height_medium full_height valign_center with_slider\"><div class=\"l-section-slider\"><div class=\"w-slider style_none fit_cover\"><div class=\"w-slider-h\"><div class=\"royalSlider\"><div class=\"rsContent\"><a class=\"rsImg\" data-rsw=\"1024\" data-rsh=\"683\" href=\"https:\/\/hotelbartabel.it\/wp-content\/uploads\/2022\/04\/MG_2476.jpg\"><span data-alt=\"\"><\/span><\/a><\/div><\/div><img decoding=\"async\" src=\"https:\/\/hotelbartabel.it\/wp-content\/uploads\/2022\/04\/MG_2476.jpg\" width=\"1024\" height=\"683\" alt loading=\"lazy\"><\/div><div class=\"w-slider-json\" onclick='return {&quot;loop&quot;:true,&quot;fadeInLoadedSlide&quot;:false,&quot;slidesSpacing&quot;:0,&quot;imageScalePadding&quot;:0,&quot;numImagesToPreload&quot;:2,&quot;arrowsNav&quot;:false,&quot;arrowsNavAutoHide&quot;:false,&quot;transitionType&quot;:&quot;move&quot;,&quot;transitionSpeed&quot;:1000,&quot;block&quot;:{&quot;moveEffect&quot;:&quot;none&quot;,&quot;speed&quot;:300},&quot;controlNavigation&quot;:&quot;none&quot;,&quot;autoplay&quot;:{&quot;enabled&quot;:true,&quot;pauseOnHover&quot;:false,&quot;delay&quot;:3000},&quot;imageScaleMode&quot;:&quot;fill&quot;,&quot;autoScaleSlider&quot;:true,&quot;autoScaleSliderWidth&quot;:1024,&quot;autoScaleSliderHeight&quot;:683,&quot;fitInViewport&quot;:false}'><\/div><\/div><\/div><div class=\"l-section-overlay\" style=\"background:rgba(26,26,26,0.30)\"><\/div><div class=\"l-section-h i-cf\"><div class=\"g-cols vc_row via_grid cols_1 laptops-cols_inherit tablets-cols_inherit mobiles-cols_1 valign_bottom type_default stacking_default\"><div class=\"wpb_column vc_column_container\"><div class=\"vc_column-inner\"><\/div><\/div><\/div><\/div><\/section><section class=\"l-section wpb_row height_medium\"><div class=\"l-section-h i-cf\"><div class=\"g-cols vc_row via_grid cols_1 laptops-cols_inherit tablets-cols_inherit mobiles-cols_1 valign_top type_default stacking_default\"><div class=\"wpb_column vc_column_container\"><div class=\"vc_column-inner\"><div class=\"wpb_text_column\"><div class=\"wpb_wrapper\"><h1 style=\"text-align: center;\">Die Terrace<\/h1>\n<\/div><\/div><div class=\"w-separator size_medium\"><\/div><div class=\"g-cols wpb_row via_grid cols_1-4-1 laptops-cols_inherit tablets-cols_inherit mobiles-cols_1 valign_top type_default stacking_default\"><div class=\"wpb_column vc_column_container\"><div class=\"vc_column-inner\"><\/div><\/div><div class=\"wpb_column vc_column_container\"><div class=\"vc_column-inner\"><div class=\"wpb_text_column us_custom_432d3f53\"><div class=\"wpb_wrapper\"><p>Unsere G\u00e4ste lieben es, hier mit einem Buch zu entspannen oder ihr Fr\u00fchst\u00fcck zu genie\u00dfen. Die sich nach S\u00fcden \u00f6ffnende Terrasse des Hotels gew\u00e4hrt den Ausblick sowohl auf den Monte Baldo, als auch auf die Halbinsel von Sirmione.<br \/>\nMomente der Entspannung werden von dem Pl\u00e4tschern der Wellen und den atemberaubenden Sonnenunterg\u00e4ngen am Gardasee begleitet, von denen man nur schwer den Blick abwenden kann.<\/p>\n<\/div><\/div><\/div><\/div><div class=\"wpb_column vc_column_container\"><div class=\"vc_column-inner\"><\/div><\/div><\/div><\/div><\/div><\/div><\/div><\/section><section class=\"l-section wpb_row us_custom_c70c97eb height_medium\"><div class=\"l-section-h i-cf\"><div class=\"g-cols vc_row via_grid cols_2 laptops-cols_inherit tablets-cols_inherit mobiles-cols_1 valign_middle type_default stacking_default\"><div class=\"wpb_column vc_column_container\"><div class=\"vc_column-inner\"><div class=\"w-image us_custom_95b1f3f9 align_none\"><div class=\"w-image-h\"><img loading=\"lazy\" decoding=\"async\" width=\"800\" height=\"600\" src=\"https:\/\/hotelbartabel.it\/wp-content\/uploads\/2022\/04\/sala-colazione-800x600-1.jpg\" class=\"attachment-large size-large\" alt=\"\" srcset=\"https:\/\/hotelbartabel.it\/wp-content\/uploads\/2022\/04\/sala-colazione-800x600-1.jpg 800w, https:\/\/hotelbartabel.it\/wp-content\/uploads\/2022\/04\/sala-colazione-800x600-1-300x225.jpg 300w, https:\/\/hotelbartabel.it\/wp-content\/uploads\/2022\/04\/sala-colazione-800x600-1-533x400.jpg 533w\" sizes=\"auto, (max-width: 800px) 100vw, 800px\" \/><\/div><\/div><\/div><\/div><div class=\"wpb_column vc_column_container\"><div class=\"vc_column-inner\"><div class=\"wpb_text_column\"><div class=\"wpb_wrapper\"><h2 style=\"text-align: left;\">Das Fr\u00fchst\u00fcck<\/h2>\n<\/div><\/div><div class=\"wpb_text_column\"><div class=\"wpb_wrapper\"><p style=\"text-align: left;\">Das Fr\u00fchst\u00fcck vom Buffet ist immer im Preis inbegriffen, wird von 8.00 bis 10.00 Uhr serviert und kann im Speisesaal mit Seeblick oder auf der Terrasse im ersten Stock eingenommen werden.<\/p>\n<p>Das Fr\u00fchst\u00fcck umfasst:<br \/>\nHei\u00dfe Getr\u00e4nke, Tee, Kaffee, Cappuccino, Latte Macchiato, Kaffee mit Milch, doppelter Espresso, hei\u00dfes Wasser. Croissants, Kuchen, M\u00fcsli, Obst, Obstsalat, Brot, Marmelade, Honig, Butter, Natur- und Obstjoghurt, Aufschnitt und K\u00e4se.<\/p>\n<\/div><\/div><\/div><\/div><\/div><\/div><\/section>\n","protected":false},"excerpt":{"rendered":"Die Terrace Unsere G\u00e4ste lieben es, hier mit einem Buch zu entspannen oder ihr Fr\u00fchst\u00fcck zu genie\u00dfen. Die sich nach S\u00fcden \u00f6ffnende Terrasse des Hotels gew\u00e4hrt den Ausblick sowohl auf den Monte Baldo, als auch auf die Halbinsel von Sirmione. Momente der Entspannung werden von dem Pl\u00e4tschern der Wellen und den atemberaubenden Sonnenunterg\u00e4ngen am Gardasee...","protected":false},"author":1,"featured_media":0,"parent":0,"menu_order":0,"comment_status":"closed","ping_status":"closed","template":"","meta":{"inline_featured_image":false,"footnotes":""},"class_list":["post-477","page","type-page","status-publish","hentry"],"yoast_head":"<!-- This site is optimized with the Yoast SEO plugin v27.4 - https:\/\/yoast.com\/product\/yoast-seo-wordpress\/ -->\n<title>Hotel auf den blick gardasee gargnano | Hotel Bartabel<\/title>\n<meta name=\"description\" content=\"Unsere G\u00e4ste lieben es, hier mit einem Buch zu entspannen oder ihr Fr\u00fchst\u00fcck zu genie\u00dfen.\" \/>\n<meta name=\"robots\" content=\"index, follow, max-snippet:-1, max-image-preview:large, max-video-preview:-1\" \/>\n<link rel=\"canonical\" href=\"https:\/\/hotelbartabel.it\/de\/fruehstueck-auf-der-terrasse\/\" \/>\n<meta property=\"og:locale\" content=\"de_DE\" \/>\n<meta property=\"og:type\" content=\"article\" \/>\n<meta property=\"og:title\" content=\"Hotel auf den blick gardasee gargnano | Hotel Bartabel\" \/>\n<meta property=\"og:description\" content=\"Unsere G\u00e4ste lieben es, hier mit einem Buch zu entspannen oder ihr Fr\u00fchst\u00fcck zu genie\u00dfen.\" \/>\n<meta property=\"og:url\" content=\"https:\/\/hotelbartabel.it\/de\/fruehstueck-auf-der-terrasse\/\" \/>\n<meta property=\"og:site_name\" content=\"Hotel Bartabel\" \/>\n<meta property=\"article:modified_time\" content=\"2022-04-22T11:54:32+00:00\" \/>\n<meta name=\"twitter:card\" content=\"summary_large_image\" \/>\n<meta name=\"twitter:label1\" content=\"Gesch\u00e4tzte Lesezeit\" \/>\n\t<meta name=\"twitter:data1\" content=\"2\u00a0Minuten\" \/>\n<script type=\"application\/ld+json\" class=\"yoast-schema-graph\">{\"@context\":\"https:\\\/\\\/schema.org\",\"@graph\":[{\"@type\":\"WebPage\",\"@id\":\"https:\\\/\\\/hotelbartabel.it\\\/de\\\/fruehstueck-auf-der-terrasse\\\/\",\"url\":\"https:\\\/\\\/hotelbartabel.it\\\/de\\\/fruehstueck-auf-der-terrasse\\\/\",\"name\":\"Hotel auf den blick gardasee gargnano | Hotel Bartabel\",\"isPartOf\":{\"@id\":\"https:\\\/\\\/hotelbartabel.it\\\/#website\"},\"datePublished\":\"2022-04-20T14:26:26+00:00\",\"dateModified\":\"2022-04-22T11:54:32+00:00\",\"description\":\"Unsere G\u00e4ste lieben es, hier mit einem Buch zu entspannen oder ihr Fr\u00fchst\u00fcck zu genie\u00dfen.\",\"breadcrumb\":{\"@id\":\"https:\\\/\\\/hotelbartabel.it\\\/de\\\/fruehstueck-auf-der-terrasse\\\/#breadcrumb\"},\"inLanguage\":\"de\",\"potentialAction\":[{\"@type\":\"ReadAction\",\"target\":[\"https:\\\/\\\/hotelbartabel.it\\\/de\\\/fruehstueck-auf-der-terrasse\\\/\"]}]},{\"@type\":\"BreadcrumbList\",\"@id\":\"https:\\\/\\\/hotelbartabel.it\\\/de\\\/fruehstueck-auf-der-terrasse\\\/#breadcrumb\",\"itemListElement\":[{\"@type\":\"ListItem\",\"position\":1,\"name\":\"Home\",\"item\":\"https:\\\/\\\/hotelbartabel.it\\\/de\\\/\"},{\"@type\":\"ListItem\",\"position\":2,\"name\":\"Fr\u00fchst\u00fcck auf der Terrasse\"}]},{\"@type\":\"WebSite\",\"@id\":\"https:\\\/\\\/hotelbartabel.it\\\/#website\",\"url\":\"https:\\\/\\\/hotelbartabel.it\\\/\",\"name\":\"Hotel Bartabel\",\"description\":\"Hotel Bartabel\",\"publisher\":{\"@id\":\"https:\\\/\\\/hotelbartabel.it\\\/#organization\"},\"potentialAction\":[{\"@type\":\"SearchAction\",\"target\":{\"@type\":\"EntryPoint\",\"urlTemplate\":\"https:\\\/\\\/hotelbartabel.it\\\/?s={search_term_string}\"},\"query-input\":{\"@type\":\"PropertyValueSpecification\",\"valueRequired\":true,\"valueName\":\"search_term_string\"}}],\"inLanguage\":\"de\"},{\"@type\":\"Organization\",\"@id\":\"https:\\\/\\\/hotelbartabel.it\\\/#organization\",\"name\":\"Hotel Bartabel Gargnano\",\"url\":\"https:\\\/\\\/hotelbartabel.it\\\/\",\"logo\":{\"@type\":\"ImageObject\",\"inLanguage\":\"de\",\"@id\":\"https:\\\/\\\/hotelbartabel.it\\\/#\\\/schema\\\/logo\\\/image\\\/\",\"url\":\"http:\\\/\\\/hotelbartabelit.opiniospeak.com\\\/wp-content\\\/uploads\\\/2022\\\/04\\\/MG_2476.jpg\",\"contentUrl\":\"http:\\\/\\\/hotelbartabelit.opiniospeak.com\\\/wp-content\\\/uploads\\\/2022\\\/04\\\/MG_2476.jpg\",\"width\":1024,\"height\":683,\"caption\":\"Hotel Bartabel Gargnano\"},\"image\":{\"@id\":\"https:\\\/\\\/hotelbartabel.it\\\/#\\\/schema\\\/logo\\\/image\\\/\"}}]}<\/script>\n<!-- \/ Yoast SEO plugin. -->","yoast_head_json":{"title":"Hotel auf den blick gardasee gargnano | Hotel Bartabel","description":"Unsere G\u00e4ste lieben es, hier mit einem Buch zu entspannen oder ihr Fr\u00fchst\u00fcck zu genie\u00dfen.","robots":{"index":"index","follow":"follow","max-snippet":"max-snippet:-1","max-image-preview":"max-image-preview:large","max-video-preview":"max-video-preview:-1"},"canonical":"https:\/\/hotelbartabel.it\/de\/fruehstueck-auf-der-terrasse\/","og_locale":"de_DE","og_type":"article","og_title":"Hotel auf den blick gardasee gargnano | Hotel Bartabel","og_description":"Unsere G\u00e4ste lieben es, hier mit einem Buch zu entspannen oder ihr Fr\u00fchst\u00fcck zu genie\u00dfen.","og_url":"https:\/\/hotelbartabel.it\/de\/fruehstueck-auf-der-terrasse\/","og_site_name":"Hotel Bartabel","article_modified_time":"2022-04-22T11:54:32+00:00","twitter_card":"summary_large_image","twitter_misc":{"Gesch\u00e4tzte Lesezeit":"2\u00a0Minuten"},"schema":{"@context":"https:\/\/schema.org","@graph":[{"@type":"WebPage","@id":"https:\/\/hotelbartabel.it\/de\/fruehstueck-auf-der-terrasse\/","url":"https:\/\/hotelbartabel.it\/de\/fruehstueck-auf-der-terrasse\/","name":"Hotel auf den blick gardasee gargnano | Hotel Bartabel","isPartOf":{"@id":"https:\/\/hotelbartabel.it\/#website"},"datePublished":"2022-04-20T14:26:26+00:00","dateModified":"2022-04-22T11:54:32+00:00","description":"Unsere G\u00e4ste lieben es, hier mit einem Buch zu entspannen oder ihr Fr\u00fchst\u00fcck zu genie\u00dfen.","breadcrumb":{"@id":"https:\/\/hotelbartabel.it\/de\/fruehstueck-auf-der-terrasse\/#breadcrumb"},"inLanguage":"de","potentialAction":[{"@type":"ReadAction","target":["https:\/\/hotelbartabel.it\/de\/fruehstueck-auf-der-terrasse\/"]}]},{"@type":"BreadcrumbList","@id":"https:\/\/hotelbartabel.it\/de\/fruehstueck-auf-der-terrasse\/#breadcrumb","itemListElement":[{"@type":"ListItem","position":1,"name":"Home","item":"https:\/\/hotelbartabel.it\/de\/"},{"@type":"ListItem","position":2,"name":"Fr\u00fchst\u00fcck auf der Terrasse"}]},{"@type":"WebSite","@id":"https:\/\/hotelbartabel.it\/#website","url":"https:\/\/hotelbartabel.it\/","name":"Hotel Bartabel","description":"Hotel Bartabel","publisher":{"@id":"https:\/\/hotelbartabel.it\/#organization"},"potentialAction":[{"@type":"SearchAction","target":{"@type":"EntryPoint","urlTemplate":"https:\/\/hotelbartabel.it\/?s={search_term_string}"},"query-input":{"@type":"PropertyValueSpecification","valueRequired":true,"valueName":"search_term_string"}}],"inLanguage":"de"},{"@type":"Organization","@id":"https:\/\/hotelbartabel.it\/#organization","name":"Hotel Bartabel Gargnano","url":"https:\/\/hotelbartabel.it\/","logo":{"@type":"ImageObject","inLanguage":"de","@id":"https:\/\/hotelbartabel.it\/#\/schema\/logo\/image\/","url":"http:\/\/hotelbartabelit.opiniospeak.com\/wp-content\/uploads\/2022\/04\/MG_2476.jpg","contentUrl":"http:\/\/hotelbartabelit.opiniospeak.com\/wp-content\/uploads\/2022\/04\/MG_2476.jpg","width":1024,"height":683,"caption":"Hotel Bartabel Gargnano"},"image":{"@id":"https:\/\/hotelbartabel.it\/#\/schema\/logo\/image\/"}}]}},"_links":{"self":[{"href":"https:\/\/hotelbartabel.it\/de\/wp-json\/wp\/v2\/pages\/477","targetHints":{"allow":["GET"]}}],"collection":[{"href":"https:\/\/hotelbartabel.it\/de\/wp-json\/wp\/v2\/pages"}],"about":[{"href":"https:\/\/hotelbartabel.it\/de\/wp-json\/wp\/v2\/types\/page"}],"author":[{"embeddable":true,"href":"https:\/\/hotelbartabel.it\/de\/wp-json\/wp\/v2\/users\/1"}],"replies":[{"embeddable":true,"href":"https:\/\/hotelbartabel.it\/de\/wp-json\/wp\/v2\/comments?post=477"}],"version-history":[{"count":2,"href":"https:\/\/hotelbartabel.it\/de\/wp-json\/wp\/v2\/pages\/477\/revisions"}],"predecessor-version":[{"id":479,"href":"https:\/\/hotelbartabel.it\/de\/wp-json\/wp\/v2\/pages\/477\/revisions\/479"}],"wp:attachment":[{"href":"https:\/\/hotelbartabel.it\/de\/wp-json\/wp\/v2\/media?parent=477"}],"curies":[{"name":"wp","href":"https:\/\/api.w.org\/{rel}","templated":true}]}}