{"id":474,"date":"2022-04-20T16:26:44","date_gmt":"2022-04-20T14:26:44","guid":{"rendered":"https:\/\/hotelbartabelit.opiniospeak.com\/?page_id=474"},"modified":"2022-04-22T13:55:10","modified_gmt":"2022-04-22T11:55:10","slug":"gargnano-erleben","status":"publish","type":"page","link":"https:\/\/hotelbartabel.it\/de\/gargnano-erleben\/","title":{"rendered":"Gargnano erleben"},"content":{"rendered":"<section class=\"l-section wpb_row height_huge full_height valign_bottom with_img\"><div class=\"l-section-img\" style=\"background-image: url(https:\/\/hotelbartabel.it\/wp-content\/uploads\/2022\/04\/vivi-gargnano_02.jpg);\" data-img-width=\"1920\" data-img-height=\"865\"><\/div><div class=\"l-section-overlay\" style=\"background:rgba(26,26,26,0.30)\"><\/div><div class=\"l-section-h i-cf\"><div class=\"g-cols vc_row via_grid cols_1 laptops-cols_inherit tablets-cols_inherit mobiles-cols_1 valign_bottom type_default stacking_default\"><div class=\"wpb_column vc_column_container\"><div class=\"vc_column-inner\"><div class=\"w-separator size_medium\"><\/div><\/div><\/div><\/div><\/div><\/section><section class=\"l-section wpb_row height_medium\"><div class=\"l-section-h i-cf\"><div class=\"g-cols vc_row via_grid cols_1 laptops-cols_inherit tablets-cols_inherit mobiles-cols_1 valign_top type_default stacking_default\"><div class=\"wpb_column vc_column_container\"><div class=\"vc_column-inner\"><div class=\"wpb_text_column\"><div class=\"wpb_wrapper\"><h1 style=\"text-align: center;\">Gargnano erleben<\/h1>\n<\/div><\/div><\/div><\/div><\/div><\/div><\/section><section class=\"l-section wpb_row us_custom_c70c97eb height_medium\"><div class=\"l-section-h i-cf\"><div class=\"g-cols vc_row via_grid cols_2 laptops-cols_inherit tablets-cols_inherit mobiles-cols_1 valign_top type_default stacking_default\"><div class=\"wpb_column vc_column_container\"><div class=\"vc_column-inner\"><div class=\"w-vwrapper us_custom_35a91d53 align_none valign_top\"><div class=\"w-image align_center\"><div class=\"w-image-h\"><img loading=\"lazy\" decoding=\"async\" width=\"555\" height=\"173\" src=\"https:\/\/hotelbartabel.it\/wp-content\/uploads\/2022\/04\/mini-passerella1-555x173.jpg\" class=\"attachment-us_555_173_crop size-us_555_173_crop\" alt=\"\" srcset=\"https:\/\/hotelbartabel.it\/wp-content\/uploads\/2022\/04\/mini-passerella1-555x173.jpg 555w, https:\/\/hotelbartabel.it\/wp-content\/uploads\/2022\/04\/mini-passerella1-300x94.jpg 300w, https:\/\/hotelbartabel.it\/wp-content\/uploads\/2022\/04\/mini-passerella1-600x188.jpg 600w, https:\/\/hotelbartabel.it\/wp-content\/uploads\/2022\/04\/mini-passerella1.jpg 960w\" sizes=\"auto, (max-width: 555px) 100vw, 555px\" \/><\/div><\/div><div class=\"w-image i50 align_center\"><div class=\"w-image-h\"><img loading=\"lazy\" decoding=\"async\" width=\"80\" height=\"44\" src=\"https:\/\/hotelbartabel.it\/wp-content\/uploads\/2022\/04\/loghetto.png\" class=\"attachment-large size-large\" alt=\"\" \/><\/div><\/div><div class=\"wpb_text_column\"><div class=\"wpb_wrapper\"><h3 style=\"text-align: center;\">Romantischer Spazierweg<\/h3>\n<\/div><\/div><div class=\"wpb_text_column\"><div class=\"wpb_wrapper\"><p style=\"text-align: center;\">Der Gehweg f\u00fchrt um die gesamte Altstadt herum und bietet Ihnen die M\u00f6glichkeit, das Dorf Gargnano aus einer einzigartigen Perspektive zu betrachten. Er verl\u00e4uft in etwa 5 bis 6 m Entfernung vom Dorf direkt am Seeufer entlang. Faszinierend, malerisch und sehr romantisch in den Abendstunden.<\/p>\n<\/div><\/div><\/div><div class=\"w-separator size_medium\"><\/div><div class=\"w-vwrapper us_custom_853980c5 align_none valign_top\"><div class=\"w-image align_center\"><div class=\"w-image-h\"><img loading=\"lazy\" decoding=\"async\" width=\"555\" height=\"173\" src=\"https:\/\/hotelbartabel.it\/wp-content\/uploads\/2022\/04\/mini-ristoranti-555x173.jpg\" class=\"attachment-us_555_173_crop size-us_555_173_crop\" alt=\"\" srcset=\"https:\/\/hotelbartabel.it\/wp-content\/uploads\/2022\/04\/mini-ristoranti-555x173.jpg 555w, https:\/\/hotelbartabel.it\/wp-content\/uploads\/2022\/04\/mini-ristoranti-300x94.jpg 300w, https:\/\/hotelbartabel.it\/wp-content\/uploads\/2022\/04\/mini-ristoranti-600x188.jpg 600w, https:\/\/hotelbartabel.it\/wp-content\/uploads\/2022\/04\/mini-ristoranti.jpg 960w\" sizes=\"auto, (max-width: 555px) 100vw, 555px\" \/><\/div><\/div><div class=\"w-image i50 align_center\"><div class=\"w-image-h\"><img loading=\"lazy\" decoding=\"async\" width=\"80\" height=\"44\" src=\"https:\/\/hotelbartabel.it\/wp-content\/uploads\/2022\/04\/loghetto.png\" class=\"attachment-large size-large\" alt=\"\" \/><\/div><\/div><div class=\"wpb_text_column\"><div class=\"wpb_wrapper\"><h3 style=\"text-align: center;\">Restaurants<\/h3>\n<\/div><\/div><div class=\"wpb_text_column\"><div class=\"wpb_wrapper\"><p style=\"text-align: center;\">Vom Hotel erreicht man zu Fu\u00df und in wenigen Sekunden die besten typischen Restaurants und Pizzerien von Gargnano. Diese befinden sich in au\u00dfergew\u00f6hnlichen Lagen, wie zum Beispiel in alten Gassen, am Pier oder bei den Anlegestellen und bieten einen reizvollen Rahmen sowohl f\u00fcr intime Abendessen, als auch f\u00fcr solche in gr\u00f6\u00dferer Gesellschaft.<\/p>\n<\/div><\/div><\/div><div class=\"w-separator size_medium\"><\/div><\/div><\/div><div class=\"wpb_column vc_column_container\"><div class=\"vc_column-inner\"><div class=\"w-vwrapper us_custom_853980c5 align_none valign_top\"><div class=\"w-image align_center\"><div class=\"w-image-h\"><img loading=\"lazy\" decoding=\"async\" width=\"555\" height=\"173\" src=\"https:\/\/hotelbartabel.it\/wp-content\/uploads\/2022\/04\/mini-battello-555x173.jpg\" class=\"attachment-us_555_173_crop size-us_555_173_crop\" alt=\"\" srcset=\"https:\/\/hotelbartabel.it\/wp-content\/uploads\/2022\/04\/mini-battello-555x173.jpg 555w, https:\/\/hotelbartabel.it\/wp-content\/uploads\/2022\/04\/mini-battello-300x94.jpg 300w, https:\/\/hotelbartabel.it\/wp-content\/uploads\/2022\/04\/mini-battello-600x188.jpg 600w, https:\/\/hotelbartabel.it\/wp-content\/uploads\/2022\/04\/mini-battello.jpg 960w\" sizes=\"auto, (max-width: 555px) 100vw, 555px\" \/><\/div><\/div><div class=\"w-image i50 align_center\"><div class=\"w-image-h\"><img loading=\"lazy\" decoding=\"async\" width=\"80\" height=\"44\" src=\"https:\/\/hotelbartabel.it\/wp-content\/uploads\/2022\/04\/loghetto.png\" class=\"attachment-large size-large\" alt=\"\" \/><\/div><\/div><div class=\"wpb_text_column\"><div class=\"wpb_wrapper\"><h3 style=\"text-align: center;\">Boot<\/h3>\n<\/div><\/div><div class=\"wpb_text_column\"><div class=\"wpb_wrapper\"><p style=\"text-align: center;\">Die Anlegestelle von Gargnano ist etwa 50 m vom Hotel entfernt. Dank der Boote und Tragfl\u00e4chenboote, die zu allen Stunden des Tages an- und ablegen, k\u00f6nnen Sie die sch\u00f6nsten Gegenden des Gardasees an den Gestaden von Verona, Brescia und Trient erreichen.<\/p>\n<\/div><\/div><\/div><div class=\"w-separator size_medium\"><\/div><div class=\"w-vwrapper us_custom_853980c5 align_none valign_top\"><div class=\"w-image align_center\"><div class=\"w-image-h\"><img loading=\"lazy\" decoding=\"async\" width=\"555\" height=\"173\" src=\"https:\/\/hotelbartabel.it\/wp-content\/uploads\/2022\/04\/mini-spiaggia-555x173.jpg\" class=\"attachment-us_555_173_crop size-us_555_173_crop\" alt=\"\" srcset=\"https:\/\/hotelbartabel.it\/wp-content\/uploads\/2022\/04\/mini-spiaggia-555x173.jpg 555w, https:\/\/hotelbartabel.it\/wp-content\/uploads\/2022\/04\/mini-spiaggia-300x94.jpg 300w, https:\/\/hotelbartabel.it\/wp-content\/uploads\/2022\/04\/mini-spiaggia-600x188.jpg 600w, https:\/\/hotelbartabel.it\/wp-content\/uploads\/2022\/04\/mini-spiaggia.jpg 960w\" sizes=\"auto, (max-width: 555px) 100vw, 555px\" \/><\/div><\/div><div class=\"w-image i50 align_center\"><div class=\"w-image-h\"><img loading=\"lazy\" decoding=\"async\" width=\"80\" height=\"44\" src=\"https:\/\/hotelbartabel.it\/wp-content\/uploads\/2022\/04\/loghetto.png\" class=\"attachment-large size-large\" alt=\"\" \/><\/div><\/div><div class=\"wpb_text_column\"><div class=\"wpb_wrapper\"><h3 style=\"text-align: center;\">Strand<\/h3>\n<\/div><\/div><div class=\"wpb_text_column\"><div class=\"wpb_wrapper\"><p style=\"text-align: center;\">Etwa 300 m vom Hotel liegt ein kleiner, ruhiger Strand mit Bar, Restaurant-Pizzeria, Tischtennis, Beach-Volleyball und einer Gr\u00fcnanlage in einem Olivenhain.<\/p>\n<\/div><\/div><\/div><div class=\"w-separator size_medium\"><\/div><\/div><\/div><\/div><\/div><\/section>\n","protected":false},"excerpt":{"rendered":"Gargnano erleben Romantischer Spazierweg Der Gehweg f\u00fchrt um die gesamte Altstadt herum und bietet Ihnen die M\u00f6glichkeit, das Dorf Gargnano aus einer einzigartigen Perspektive zu betrachten. Er verl\u00e4uft in etwa 5 bis 6 m Entfernung vom Dorf direkt am Seeufer entlang. Faszinierend, malerisch und sehr romantisch in den Abendstunden. Restaurants Vom Hotel erreicht man zu...","protected":false},"author":1,"featured_media":0,"parent":0,"menu_order":0,"comment_status":"closed","ping_status":"closed","template":"","meta":{"inline_featured_image":false,"footnotes":""},"class_list":["post-474","page","type-page","status-publish","hentry"],"yoast_head":"<!-- This site is optimized with the Yoast SEO plugin v27.4 - https:\/\/yoast.com\/product\/yoast-seo-wordpress\/ -->\n<title>Gargnano del Garda | Hotel Garni Bartabel ***<\/title>\n<meta name=\"description\" content=\"Gargnano del Garda | Hotel Garni Bartabel ***\" \/>\n<meta name=\"robots\" content=\"index, follow, max-snippet:-1, max-image-preview:large, max-video-preview:-1\" \/>\n<link rel=\"canonical\" href=\"https:\/\/hotelbartabel.it\/de\/gargnano-erleben\/\" \/>\n<meta property=\"og:locale\" content=\"de_DE\" \/>\n<meta property=\"og:type\" content=\"article\" \/>\n<meta property=\"og:title\" content=\"Gargnano del Garda | Hotel Garni Bartabel ***\" \/>\n<meta property=\"og:description\" content=\"Gargnano del Garda | Hotel Garni Bartabel ***\" \/>\n<meta property=\"og:url\" content=\"https:\/\/hotelbartabel.it\/de\/gargnano-erleben\/\" \/>\n<meta property=\"og:site_name\" content=\"Hotel Bartabel\" \/>\n<meta property=\"article:modified_time\" content=\"2022-04-22T11:55:10+00:00\" \/>\n<meta name=\"twitter:card\" content=\"summary_large_image\" \/>\n<meta name=\"twitter:label1\" content=\"Gesch\u00e4tzte Lesezeit\" \/>\n\t<meta name=\"twitter:data1\" content=\"3\u00a0Minuten\" \/>\n<script type=\"application\/ld+json\" class=\"yoast-schema-graph\">{\"@context\":\"https:\\\/\\\/schema.org\",\"@graph\":[{\"@type\":\"WebPage\",\"@id\":\"https:\\\/\\\/hotelbartabel.it\\\/de\\\/gargnano-erleben\\\/\",\"url\":\"https:\\\/\\\/hotelbartabel.it\\\/de\\\/gargnano-erleben\\\/\",\"name\":\"Gargnano del Garda | Hotel Garni Bartabel ***\",\"isPartOf\":{\"@id\":\"https:\\\/\\\/hotelbartabel.it\\\/#website\"},\"datePublished\":\"2022-04-20T14:26:44+00:00\",\"dateModified\":\"2022-04-22T11:55:10+00:00\",\"description\":\"Gargnano del Garda | Hotel Garni Bartabel ***\",\"breadcrumb\":{\"@id\":\"https:\\\/\\\/hotelbartabel.it\\\/de\\\/gargnano-erleben\\\/#breadcrumb\"},\"inLanguage\":\"de\",\"potentialAction\":[{\"@type\":\"ReadAction\",\"target\":[\"https:\\\/\\\/hotelbartabel.it\\\/de\\\/gargnano-erleben\\\/\"]}]},{\"@type\":\"BreadcrumbList\",\"@id\":\"https:\\\/\\\/hotelbartabel.it\\\/de\\\/gargnano-erleben\\\/#breadcrumb\",\"itemListElement\":[{\"@type\":\"ListItem\",\"position\":1,\"name\":\"Home\",\"item\":\"https:\\\/\\\/hotelbartabel.it\\\/de\\\/\"},{\"@type\":\"ListItem\",\"position\":2,\"name\":\"Gargnano erleben\"}]},{\"@type\":\"WebSite\",\"@id\":\"https:\\\/\\\/hotelbartabel.it\\\/#website\",\"url\":\"https:\\\/\\\/hotelbartabel.it\\\/\",\"name\":\"Hotel Bartabel\",\"description\":\"Hotel Bartabel\",\"publisher\":{\"@id\":\"https:\\\/\\\/hotelbartabel.it\\\/#organization\"},\"potentialAction\":[{\"@type\":\"SearchAction\",\"target\":{\"@type\":\"EntryPoint\",\"urlTemplate\":\"https:\\\/\\\/hotelbartabel.it\\\/?s={search_term_string}\"},\"query-input\":{\"@type\":\"PropertyValueSpecification\",\"valueRequired\":true,\"valueName\":\"search_term_string\"}}],\"inLanguage\":\"de\"},{\"@type\":\"Organization\",\"@id\":\"https:\\\/\\\/hotelbartabel.it\\\/#organization\",\"name\":\"Hotel Bartabel Gargnano\",\"url\":\"https:\\\/\\\/hotelbartabel.it\\\/\",\"logo\":{\"@type\":\"ImageObject\",\"inLanguage\":\"de\",\"@id\":\"https:\\\/\\\/hotelbartabel.it\\\/#\\\/schema\\\/logo\\\/image\\\/\",\"url\":\"http:\\\/\\\/hotelbartabelit.opiniospeak.com\\\/wp-content\\\/uploads\\\/2022\\\/04\\\/MG_2476.jpg\",\"contentUrl\":\"http:\\\/\\\/hotelbartabelit.opiniospeak.com\\\/wp-content\\\/uploads\\\/2022\\\/04\\\/MG_2476.jpg\",\"width\":1024,\"height\":683,\"caption\":\"Hotel Bartabel Gargnano\"},\"image\":{\"@id\":\"https:\\\/\\\/hotelbartabel.it\\\/#\\\/schema\\\/logo\\\/image\\\/\"}}]}<\/script>\n<!-- \/ Yoast SEO plugin. -->","yoast_head_json":{"title":"Gargnano del Garda | Hotel Garni Bartabel ***","description":"Gargnano del Garda | Hotel Garni Bartabel ***","robots":{"index":"index","follow":"follow","max-snippet":"max-snippet:-1","max-image-preview":"max-image-preview:large","max-video-preview":"max-video-preview:-1"},"canonical":"https:\/\/hotelbartabel.it\/de\/gargnano-erleben\/","og_locale":"de_DE","og_type":"article","og_title":"Gargnano del Garda | Hotel Garni Bartabel ***","og_description":"Gargnano del Garda | Hotel Garni Bartabel ***","og_url":"https:\/\/hotelbartabel.it\/de\/gargnano-erleben\/","og_site_name":"Hotel Bartabel","article_modified_time":"2022-04-22T11:55:10+00:00","twitter_card":"summary_large_image","twitter_misc":{"Gesch\u00e4tzte Lesezeit":"3\u00a0Minuten"},"schema":{"@context":"https:\/\/schema.org","@graph":[{"@type":"WebPage","@id":"https:\/\/hotelbartabel.it\/de\/gargnano-erleben\/","url":"https:\/\/hotelbartabel.it\/de\/gargnano-erleben\/","name":"Gargnano del Garda | Hotel Garni Bartabel ***","isPartOf":{"@id":"https:\/\/hotelbartabel.it\/#website"},"datePublished":"2022-04-20T14:26:44+00:00","dateModified":"2022-04-22T11:55:10+00:00","description":"Gargnano del Garda | Hotel Garni Bartabel ***","breadcrumb":{"@id":"https:\/\/hotelbartabel.it\/de\/gargnano-erleben\/#breadcrumb"},"inLanguage":"de","potentialAction":[{"@type":"ReadAction","target":["https:\/\/hotelbartabel.it\/de\/gargnano-erleben\/"]}]},{"@type":"BreadcrumbList","@id":"https:\/\/hotelbartabel.it\/de\/gargnano-erleben\/#breadcrumb","itemListElement":[{"@type":"ListItem","position":1,"name":"Home","item":"https:\/\/hotelbartabel.it\/de\/"},{"@type":"ListItem","position":2,"name":"Gargnano erleben"}]},{"@type":"WebSite","@id":"https:\/\/hotelbartabel.it\/#website","url":"https:\/\/hotelbartabel.it\/","name":"Hotel Bartabel","description":"Hotel Bartabel","publisher":{"@id":"https:\/\/hotelbartabel.it\/#organization"},"potentialAction":[{"@type":"SearchAction","target":{"@type":"EntryPoint","urlTemplate":"https:\/\/hotelbartabel.it\/?s={search_term_string}"},"query-input":{"@type":"PropertyValueSpecification","valueRequired":true,"valueName":"search_term_string"}}],"inLanguage":"de"},{"@type":"Organization","@id":"https:\/\/hotelbartabel.it\/#organization","name":"Hotel Bartabel Gargnano","url":"https:\/\/hotelbartabel.it\/","logo":{"@type":"ImageObject","inLanguage":"de","@id":"https:\/\/hotelbartabel.it\/#\/schema\/logo\/image\/","url":"http:\/\/hotelbartabelit.opiniospeak.com\/wp-content\/uploads\/2022\/04\/MG_2476.jpg","contentUrl":"http:\/\/hotelbartabelit.opiniospeak.com\/wp-content\/uploads\/2022\/04\/MG_2476.jpg","width":1024,"height":683,"caption":"Hotel Bartabel Gargnano"},"image":{"@id":"https:\/\/hotelbartabel.it\/#\/schema\/logo\/image\/"}}]}},"_links":{"self":[{"href":"https:\/\/hotelbartabel.it\/de\/wp-json\/wp\/v2\/pages\/474","targetHints":{"allow":["GET"]}}],"collection":[{"href":"https:\/\/hotelbartabel.it\/de\/wp-json\/wp\/v2\/pages"}],"about":[{"href":"https:\/\/hotelbartabel.it\/de\/wp-json\/wp\/v2\/types\/page"}],"author":[{"embeddable":true,"href":"https:\/\/hotelbartabel.it\/de\/wp-json\/wp\/v2\/users\/1"}],"replies":[{"embeddable":true,"href":"https:\/\/hotelbartabel.it\/de\/wp-json\/wp\/v2\/comments?post=474"}],"version-history":[{"count":2,"href":"https:\/\/hotelbartabel.it\/de\/wp-json\/wp\/v2\/pages\/474\/revisions"}],"predecessor-version":[{"id":476,"href":"https:\/\/hotelbartabel.it\/de\/wp-json\/wp\/v2\/pages\/474\/revisions\/476"}],"wp:attachment":[{"href":"https:\/\/hotelbartabel.it\/de\/wp-json\/wp\/v2\/media?parent=474"}],"curies":[{"name":"wp","href":"https:\/\/api.w.org\/{rel}","templated":true}]}}